{"id":366,"date":"2015-01-30T09:53:38","date_gmt":"2015-01-30T09:53:38","guid":{"rendered":"http:\/\/wertholz.at\/de\/?page_id=366"},"modified":"2023-01-20T11:46:54","modified_gmt":"2023-01-20T11:46:54","slug":"services","status":"publish","type":"page","link":"http:\/\/www.wertholz.at\/de\/services\/","title":{"rendered":"Services"},"content":{"rendered":"<h1 class=\"slogan align-center\">Service wird bei uns Gross geschrieben. Vom Einkauf und der Qualit\u00e4tskontrolle bis hin zur Lagerung und Zustellung ist Wertholz ihr Partner zum Thema Holz<\/h1>\n<div class=\"one-third\">\n<h4>Einkauf<\/h4>\n<p><img decoding=\"async\" loading=\"lazy\" class=\"alignnone size-full wp-image-548\" src=\"http:\/\/www.wertholz.at\/de\/wp-content\/uploads\/sites\/4\/2015\/01\/einkauf-1.jpg\" alt=\"einkauf\" width=\"940\" height=\"380\" srcset=\"http:\/\/www.wertholz.at\/de\/wp-content\/uploads\/sites\/4\/2015\/01\/einkauf-1.jpg 940w, http:\/\/www.wertholz.at\/de\/wp-content\/uploads\/sites\/4\/2015\/01\/einkauf-1-300x121.jpg 300w, http:\/\/www.wertholz.at\/de\/wp-content\/uploads\/sites\/4\/2015\/01\/einkauf-1-768x310.jpg 768w\" sizes=\"(max-width: 940px) 100vw, 940px\" \/><\/p>\n<p>Bereits beim Einkauf ist es unser vorangiges Ziel, f\u00fcr unsere Kunden die beste L\u00f6sung zu finden. Dies f\u00e4ngt bei der Auswahl idealer Wuchsgebiete mit R\u00fccksichtnahme auf nachhaltige Forstwirtschaft an und garantiert so zum einen eine optimale Rundholzqualit\u00e4t als auch ein gutes Preis\/Leistungs-Verh\u00e4ltnis.<\/p>\n<\/div>\n<div class=\"one-third\">\n<h4>Kontrolle<\/h4>\n<p><img decoding=\"async\" loading=\"lazy\" class=\"alignnone size-full wp-image-517\" src=\"http:\/\/www.wertholz.at\/de\/wp-content\/uploads\/sites\/4\/2012\/04\/services.jpg\" alt=\"services\" width=\"940\" height=\"380\" srcset=\"http:\/\/www.wertholz.at\/de\/wp-content\/uploads\/sites\/4\/2012\/04\/services.jpg 940w, http:\/\/www.wertholz.at\/de\/wp-content\/uploads\/sites\/4\/2012\/04\/services-300x121.jpg 300w\" sizes=\"(max-width: 940px) 100vw, 940px\" \/><\/p>\n<p>Qualit\u00e4tskontrolle ist oberstes Gebot und umfasst sowohl die Beurteilung der Holzfarbe und Feuchtigkeit als auch holzartenspezifische Besonderheiten.<\/p>\n<\/div>\n<div class=\"one-third last\">\n<h4>Zertifizierung<\/h4>\n<p><img decoding=\"async\" loading=\"lazy\" class=\"alignnone size-full wp-image-527\" src=\"http:\/\/www.wertholz.at\/de\/wp-content\/uploads\/sites\/4\/2015\/01\/zertifizierung.jpg\" alt=\"zertifizierung\" width=\"940\" height=\"380\" srcset=\"http:\/\/www.wertholz.at\/de\/wp-content\/uploads\/sites\/4\/2015\/01\/zertifizierung.jpg 940w, http:\/\/www.wertholz.at\/de\/wp-content\/uploads\/sites\/4\/2015\/01\/zertifizierung-300x121.jpg 300w\" sizes=\"(max-width: 940px) 100vw, 940px\" \/><\/p>\n<p>Wir sch\u00e4tzen das Vertrauen unserer Kunden und stellen dies tagt\u00e4glich unter Beweis. Als zertifizierter Holzhandel ist es uns wichtig, kunden- und qualit\u00e4tsorientiert zu arbeiten.<\/p>\n<p><a href=\"http:\/\/www.wertholz.at\/de\/wp-content\/uploads\/sites\/4\/2023\/01\/RSP_CERT_FSC_COC_CW_Wertholz_002482_22_g.pdf\" target=\"_blank\" rel=\"noopener\"><img decoding=\"async\" loading=\"lazy\" class=\"alignnone wp-image-588 size-full\" src=\"http:\/\/www.wertholz.at\/de\/wp-content\/uploads\/sites\/4\/2015\/01\/fsc_small.png\" alt=\"fsc_small\" width=\"98\" height=\"150\" \/><\/a><a href=\"http:\/\/www.wertholz.at\/de\/wp-content\/uploads\/sites\/4\/2023\/01\/RSP_CERT_PEFC_COC_Wertholz_500135_22_g.pdf\" target=\"_blank\" rel=\"noopener\"><img decoding=\"async\" loading=\"lazy\" class=\"alignnone wp-image-615 size-full\" src=\"http:\/\/www.wertholz.at\/de\/wp-content\/uploads\/sites\/4\/2023\/01\/pefc-logo.png\" alt=\"\" width=\"150\" height=\"150\" \/><\/a><\/p>\n<\/div><div class=\"clear\"><\/div>\n<div class=\"one-third\">\n<h4>Vortrocknung \/ Lagerung<\/h4>\n<p><img decoding=\"async\" loading=\"lazy\" class=\"alignnone size-full wp-image-549\" src=\"http:\/\/www.wertholz.at\/de\/wp-content\/uploads\/sites\/4\/2015\/01\/vortrocknung.jpg\" alt=\"vortrocknung\" width=\"940\" height=\"380\" srcset=\"http:\/\/www.wertholz.at\/de\/wp-content\/uploads\/sites\/4\/2015\/01\/vortrocknung.jpg 940w, http:\/\/www.wertholz.at\/de\/wp-content\/uploads\/sites\/4\/2015\/01\/vortrocknung-300x121.jpg 300w, http:\/\/www.wertholz.at\/de\/wp-content\/uploads\/sites\/4\/2015\/01\/vortrocknung-768x310.jpg 768w\" sizes=\"(max-width: 940px) 100vw, 940px\" \/><\/p>\n<p>Ein wichtiger Service f\u00fcr unsere Kunden ist die professionelle Vortrockung und Lagerung des Holzes. Hierbei wird speziell auf die holzartenspezifischen Anspr\u00fcche R\u00fccksicht genommen (z.B. Dauer der Trocknung, Lattung, Standort, uvm.) Zudem sorgen wir in unserem 4000m\u00b3 umfassenden Lager f\u00fcr eine sorgf\u00e4ltige Stapelung des Holzes.<\/p>\n<\/div>\n<div class=\"one-third\">\n<h4>Kammertrocknung<\/h4>\n<p><img decoding=\"async\" loading=\"lazy\" class=\"alignnone size-full wp-image-550\" src=\"http:\/\/www.wertholz.at\/de\/wp-content\/uploads\/sites\/4\/2015\/01\/kammertrocknung.jpg\" alt=\"kammertrocknung\" width=\"940\" height=\"380\" srcset=\"http:\/\/www.wertholz.at\/de\/wp-content\/uploads\/sites\/4\/2015\/01\/kammertrocknung.jpg 940w, http:\/\/www.wertholz.at\/de\/wp-content\/uploads\/sites\/4\/2015\/01\/kammertrocknung-300x121.jpg 300w, http:\/\/www.wertholz.at\/de\/wp-content\/uploads\/sites\/4\/2015\/01\/kammertrocknung-768x310.jpg 768w\" sizes=\"(max-width: 940px) 100vw, 940px\" \/><\/p>\n<p>Mit Hilfe unserer 6 Trockenkammern garantieren wir unseren Kunden eine perfekte Holzfeuchtigkeit.<\/p>\n<\/div>\n<div class=\"one-third last\">\n<h4>Zustellung<\/h4>\n<p><img decoding=\"async\" loading=\"lazy\" class=\"alignnone size-full wp-image-573\" src=\"http:\/\/www.wertholz.at\/de\/wp-content\/uploads\/sites\/4\/2015\/01\/wertholz_lkw.jpg\" alt=\"wertholz_lkw\" width=\"940\" height=\"380\" srcset=\"http:\/\/www.wertholz.at\/de\/wp-content\/uploads\/sites\/4\/2015\/01\/wertholz_lkw.jpg 940w, http:\/\/www.wertholz.at\/de\/wp-content\/uploads\/sites\/4\/2015\/01\/wertholz_lkw-300x121.jpg 300w, http:\/\/www.wertholz.at\/de\/wp-content\/uploads\/sites\/4\/2015\/01\/wertholz_lkw-768x310.jpg 768w\" sizes=\"(max-width: 940px) 100vw, 940px\" \/><\/p>\n<p>Um unseren Service komplett zu machen, sind wir und unsere Partnerspedition bem\u00fcht, kurzfristige und termintreue Lieferungen zu garantieren.<\/p>\n<\/div><div class=\"clear\"><\/div>\n","protected":false},"excerpt":{"rendered":"","protected":false},"author":1,"featured_media":0,"parent":0,"menu_order":0,"comment_status":"open","ping_status":"open","template":"","meta":[],"_links":{"self":[{"href":"http:\/\/www.wertholz.at\/de\/wp-json\/wp\/v2\/pages\/366"}],"collection":[{"href":"http:\/\/www.wertholz.at\/de\/wp-json\/wp\/v2\/pages"}],"about":[{"href":"http:\/\/www.wertholz.at\/de\/wp-json\/wp\/v2\/types\/page"}],"author":[{"embeddable":true,"href":"http:\/\/www.wertholz.at\/de\/wp-json\/wp\/v2\/users\/1"}],"replies":[{"embeddable":true,"href":"http:\/\/www.wertholz.at\/de\/wp-json\/wp\/v2\/comments?post=366"}],"version-history":[{"count":23,"href":"http:\/\/www.wertholz.at\/de\/wp-json\/wp\/v2\/pages\/366\/revisions"}],"predecessor-version":[{"id":619,"href":"http:\/\/www.wertholz.at\/de\/wp-json\/wp\/v2\/pages\/366\/revisions\/619"}],"wp:attachment":[{"href":"http:\/\/www.wertholz.at\/de\/wp-json\/wp\/v2\/media?parent=366"}],"curies":[{"name":"wp","href":"https:\/\/api.w.org\/{rel}","templated":true}]}}