{"id":40,"date":"2012-04-02T23:03:45","date_gmt":"2012-04-02T21:03:45","guid":{"rendered":"http:\/\/demo.samuli.me\/wp\/smartstart\/?page_id=40"},"modified":"2016-10-03T09:20:54","modified_gmt":"2016-10-03T09:20:54","slug":"photos-slider","status":"publish","type":"page","link":"http:\/\/www.wertholz.at\/de\/","title":{"rendered":"Home"},"content":{"rendered":"<section id=\"ss-photos-slider\" class=\"ss-slider\"><article class=\"slide\"><img src=\"http:\/\/www.wertholz.at\/de\/wp-content\/uploads\/sites\/4\/2012\/04\/teaser_buchenwald.jpg\" alt=\"Photos Slider\" class=\"slide-bg-image\" \/><div class=\"slide-button image\"><img src=\"http:\/\/www.wertholz.at\/de\/wp-content\/uploads\/sites\/4\/2015\/06\/Teaser1.jpg\" alt=\"Photos Slider\" \/><\/div><div class=\"slide-content\"><h4>Wertholz - Holzhandel in Gmunden. <a href=\"http:\/\/www.wertholz.at\/de\/sortiment\/\">Unser Sortiment<\/a><\/h4><\/div><\/article><!-- end .slide --><article class=\"slide\"><img src=\"http:\/\/www.wertholz.at\/de\/wp-content\/uploads\/sites\/4\/2015\/06\/Teaser4.jpg\" alt=\"Photos Slider\" class=\"slide-bg-image\" \/><div class=\"slide-button image\"><img src=\"http:\/\/www.wertholz.at\/de\/wp-content\/uploads\/sites\/4\/2012\/04\/Teaser2.jpg\" alt=\"Photos Slider\" \/><\/div><div class=\"slide-content\"><h4>Wertholz - Holzhandel in Gmunden. <a href=\"http:\/\/www.wertholz.at\/de\/services\/\">Services<\/a><\/h4><\/div><\/article><!-- end .slide --><article class=\"slide\"><img src=\"http:\/\/www.wertholz.at\/de\/wp-content\/uploads\/sites\/4\/2015\/01\/kammertrocknung.jpg\" alt=\"Photos Slider\" class=\"slide-bg-image\" \/><div class=\"slide-button image\"><img src=\"http:\/\/www.wertholz.at\/de\/wp-content\/uploads\/sites\/4\/2015\/06\/Teaser3.jpg\" alt=\"Photos Slider\" \/><\/div><div class=\"slide-content\"><h4>Wertholz - Ihr Holzhandel in Gmunden. <a href=\"http:\/\/www.wertholz.at\/de\/ueber-uns\/\">\u00dcber uns<\/a><\/h4><\/div><\/article><!-- end .slide --><\/section><!-- end .ss-slider -->\n<h1 class=\"slogan align-center\">Natur als Mittelpunkt &#8211; Zeichen setzen.<br \/>\nMit dem Rohstoff Holz zu arbeiten birgt jederzeit neue Herausforderungen.<\/h1>\n<p>&nbsp;<\/p>\n<div class=\"one-third\">\n<h2>Unser Sortiment<\/h2>\n<p><a href=\"http:\/\/www.wertholz.at\/de\/sortiment\/\"><img decoding=\"async\" loading=\"lazy\" class=\"alignnone size-full wp-image-518\" src=\"http:\/\/www.wertholz.at\/de\/wp-content\/uploads\/sites\/4\/2012\/04\/sortiment.jpg\" alt=\"sortiment\" width=\"940\" height=\"380\" srcset=\"http:\/\/www.wertholz.at\/de\/wp-content\/uploads\/sites\/4\/2012\/04\/sortiment.jpg 940w, http:\/\/www.wertholz.at\/de\/wp-content\/uploads\/sites\/4\/2012\/04\/sortiment-300x121.jpg 300w\" sizes=\"(max-width: 940px) 100vw, 940px\" \/><\/a><\/p>\n<p>Unser Sortiment reicht von Schnittholz \u00fcber Friese &amp; Landhausdiele bis hin zu Zuschnitten auf Kundenwunsch. Wir haben f\u00fcr Ihre Bed\u00fcrfnisse die richtige L\u00f6sung.<\/p>\n<ul>\n<li><a title=\"Schnittholz\" href=\"http:\/\/www.wertholz.at\/de\/sortiment\">Schnittholz<\/a><\/li>\n<li><a title=\"Schnittholz\" href=\"http:\/\/www.wertholz.at\/de\/sortiment\">Rundholz<\/a><\/li>\n<li><a title=\"Zuschnitte\" href=\"http:\/\/www.wertholz.at\/de\/sortiment\">Zuschnitte<\/a><\/li>\n<\/ul>\n<\/div>\n<div class=\"one-third\">\n<h2>Services<\/h2>\n<p><a href=\"http:\/\/www.wertholz.at\/de\/services\/\"><img decoding=\"async\" loading=\"lazy\" class=\"alignnone size-full wp-image-517\" src=\"http:\/\/www.wertholz.at\/de\/wp-content\/uploads\/sites\/4\/2012\/04\/services.jpg\" alt=\"services\" width=\"940\" height=\"380\" srcset=\"http:\/\/www.wertholz.at\/de\/wp-content\/uploads\/sites\/4\/2012\/04\/services.jpg 940w, http:\/\/www.wertholz.at\/de\/wp-content\/uploads\/sites\/4\/2012\/04\/services-300x121.jpg 300w\" sizes=\"(max-width: 940px) 100vw, 940px\" \/><\/a><\/p>\n<p>Wir \u00fcbernehmen f\u00fcr Sie die Lagerung, Trocknung, Qualit\u00e4tssicherung und auch den Transport. Informieren sich sich jetzt \u00fcber unsere Serviceangebot.<\/p>\n<ul>\n<li><a title=\"Lagerung\" href=\"http:\/\/www.wertholz.at\/de\/services\/\">Lagerung<\/a><\/li>\n<li><a title=\"Trocknung\" href=\"http:\/\/www.wertholz.at\/de\/services\/\">Trocknung<\/a><\/li>\n<li><a title=\"Qualit\u00e4tssicherung\" href=\"http:\/\/www.wertholz.at\/de\/services\/\">Qualit\u00e4tssicherung<\/a><\/li>\n<li><a title=\"Transport\" href=\"http:\/\/www.wertholz.at\/de\/services\/\">Transport<\/a><\/li>\n<\/ul>\n<\/div>\n<div class=\"one-third last\">\n<h2>\u00dcber uns<\/h2>\n<p><a href=\"http:\/\/www.wertholz.at\/de\/ueber-uns\/\"><img decoding=\"async\" loading=\"lazy\" class=\"alignnone size-full wp-image-575\" src=\"http:\/\/www.wertholz.at\/de\/wp-content\/uploads\/sites\/4\/2012\/04\/wertholz_team.jpg\" alt=\"wertholz_team\" width=\"940\" height=\"380\" srcset=\"http:\/\/www.wertholz.at\/de\/wp-content\/uploads\/sites\/4\/2012\/04\/wertholz_team.jpg 940w, http:\/\/www.wertholz.at\/de\/wp-content\/uploads\/sites\/4\/2012\/04\/wertholz_team-300x121.jpg 300w, http:\/\/www.wertholz.at\/de\/wp-content\/uploads\/sites\/4\/2012\/04\/wertholz_team-768x310.jpg 768w\" sizes=\"(max-width: 940px) 100vw, 940px\" \/><\/a><\/p>\n<p>Die Natur ist dabei nicht nur st\u00e4ndiger Begleiter sondern vielmehr\u00a0auch Teil unserer Unternehmensphilosophie. Erfahren Sie mehr \u00fcber die Wertholz Handelsgesm.b.H.<\/p>\n<ul>\n<li><a title=\"\u00dcber uns\" href=\"http:\/\/www.wertholz.at\/de\/ueber-uns\/\">Das Unternehmen<\/a><\/li>\n<li><a title=\"\u00dcber uns\" href=\"http:\/\/www.wertholz.at\/de\/ueber-uns\/\">Unser Team<\/a><\/li>\n<\/ul>\n<\/div><div class=\"clear\"><\/div>\n","protected":false},"excerpt":{"rendered":"<p>&nbsp;<\/p>\n","protected":false},"author":1,"featured_media":0,"parent":0,"menu_order":0,"comment_status":"open","ping_status":"closed","template":"","meta":[],"_links":{"self":[{"href":"http:\/\/www.wertholz.at\/de\/wp-json\/wp\/v2\/pages\/40"}],"collection":[{"href":"http:\/\/www.wertholz.at\/de\/wp-json\/wp\/v2\/pages"}],"about":[{"href":"http:\/\/www.wertholz.at\/de\/wp-json\/wp\/v2\/types\/page"}],"author":[{"embeddable":true,"href":"http:\/\/www.wertholz.at\/de\/wp-json\/wp\/v2\/users\/1"}],"replies":[{"embeddable":true,"href":"http:\/\/www.wertholz.at\/de\/wp-json\/wp\/v2\/comments?post=40"}],"version-history":[{"count":29,"href":"http:\/\/www.wertholz.at\/de\/wp-json\/wp\/v2\/pages\/40\/revisions"}],"predecessor-version":[{"id":576,"href":"http:\/\/www.wertholz.at\/de\/wp-json\/wp\/v2\/pages\/40\/revisions\/576"}],"wp:attachment":[{"href":"http:\/\/www.wertholz.at\/de\/wp-json\/wp\/v2\/media?parent=40"}],"curies":[{"name":"wp","href":"https:\/\/api.w.org\/{rel}","templated":true}]}}