{"id":532,"date":"2015-07-01T21:13:20","date_gmt":"2015-07-01T21:13:20","guid":{"rendered":"http:\/\/wertholz.at\/de\/?page_id=532"},"modified":"2024-08-06T07:49:10","modified_gmt":"2024-08-06T07:49:10","slug":"ueber-uns","status":"publish","type":"page","link":"http:\/\/www.wertholz.at\/de\/ueber-uns\/","title":{"rendered":"\u00dcber uns"},"content":{"rendered":"<p><img decoding=\"async\" loading=\"lazy\" class=\"alignnone size-full wp-image-575\" src=\"http:\/\/www.wertholz.at\/de\/wp-content\/uploads\/sites\/4\/2012\/04\/wertholz_team.jpg\" alt=\"wertholz_team\" width=\"940\" height=\"380\" srcset=\"http:\/\/www.wertholz.at\/de\/wp-content\/uploads\/sites\/4\/2012\/04\/wertholz_team.jpg 940w, http:\/\/www.wertholz.at\/de\/wp-content\/uploads\/sites\/4\/2012\/04\/wertholz_team-300x121.jpg 300w, http:\/\/www.wertholz.at\/de\/wp-content\/uploads\/sites\/4\/2012\/04\/wertholz_team-768x310.jpg 768w\" sizes=\"(max-width: 940px) 100vw, 940px\" \/><\/p>\n<h1 class=\"slogan align-center\">Eine Frage der Tradition<\/h1>\n<p>1996 gr\u00fcndete Michael Grander Wertholz. Seitdem beliefern wir Holzverarbeiter mit Schnittholz, Furnieren, Friesen, Landhausdielen und Zuschnitten &#8211; und das europaweit. So w\u00e4chst Wertholz kontinuierlich von Jahr zu Jahr. Langsam aber sicher, wie die Jahresringe in den St\u00e4mmen der B\u00e4ume.<\/p>\n<h1 class=\"slogan align-center\">Unser Team<\/h1>\n<p>Die Basis f\u00fcr unser Wachstum ist unser Team. Denn wir legen von Anfang an Wert auf partnerschaftliche und pers\u00f6nliche Kundenbeziehungen. Unsere positive Unternehmensentwicklung gibt uns Recht.<\/p>\n<div class=\"one-third\">\n<p><img decoding=\"async\" loading=\"lazy\" class=\"alignnone size-full wp-image-565\" src=\"http:\/\/www.wertholz.at\/de\/wp-content\/uploads\/sites\/4\/2015\/07\/Portrait_Michael.jpg\" alt=\"portrait_michael\" width=\"600\" height=\"400\" srcset=\"http:\/\/www.wertholz.at\/de\/wp-content\/uploads\/sites\/4\/2015\/07\/Portrait_Michael.jpg 600w, http:\/\/www.wertholz.at\/de\/wp-content\/uploads\/sites\/4\/2015\/07\/Portrait_Michael-300x200.jpg 300w\" sizes=\"(max-width: 600px) 100vw, 600px\" \/><\/p>\n<h4>Michael Grander<\/h4>\n<p>office@wertholz.at<br \/>\nMobil: +43 664 1620037<br \/>\nTel: +43 7612 76877 13<\/p>\n<p>&#8211; Gesch\u00e4ftsf\u00fchrung<br \/>\n&#8211; Einkauf<br \/>\n&#8211; Verkauf<\/p>\n<\/div>\n<div class=\"one-third\">\n<p><img decoding=\"async\" loading=\"lazy\" class=\"alignnone size-full wp-image-570\" src=\"http:\/\/www.wertholz.at\/de\/wp-content\/uploads\/sites\/4\/2015\/07\/Portrait_Hannes.jpg\" alt=\"portrait_hannes\" width=\"600\" height=\"400\" srcset=\"http:\/\/www.wertholz.at\/de\/wp-content\/uploads\/sites\/4\/2015\/07\/Portrait_Hannes.jpg 600w, http:\/\/www.wertholz.at\/de\/wp-content\/uploads\/sites\/4\/2015\/07\/Portrait_Hannes-300x200.jpg 300w\" sizes=\"(max-width: 600px) 100vw, 600px\" \/><\/p>\n<h4>Hannes Rager<\/h4>\n<p>office@wertholz.at<br \/>\nMobil: +43 664 4514291<br \/>\nTel: +43 7612 76877 11<\/p>\n<p>&#8211; Gesch\u00e4ftsf\u00fchrung<br \/>\n&#8211; Einkauf<br \/>\n&#8211; Verkauf<\/p>\n<\/div>\n<div class=\"one-third last\">\n<p><a href=\"http:\/\/www.wertholz.at\/de\/wp-content\/uploads\/sites\/4\/2015\/07\/Portrait_Default.jpg\"><img decoding=\"async\" loading=\"lazy\" class=\"alignnone wp-image-604 size-full\" src=\"http:\/\/www.wertholz.at\/de\/wp-content\/uploads\/sites\/4\/2015\/07\/Portrait_Default.jpg\" width=\"600\" height=\"400\" srcset=\"http:\/\/www.wertholz.at\/de\/wp-content\/uploads\/sites\/4\/2015\/07\/Portrait_Default.jpg 600w, http:\/\/www.wertholz.at\/de\/wp-content\/uploads\/sites\/4\/2015\/07\/Portrait_Default-300x200.jpg 300w\" sizes=\"(max-width: 600px) 100vw, 600px\" \/><\/a><\/p>\n<h4>Victoria Eckl<\/h4>\n<p>office@wertholz.at<br \/>\nTel: +43 7612 76877 10<\/p>\n<p>&#8211; Organisation<br \/>\n&#8211; Verwaltung<\/p>\n<\/div><div class=\"clear\"><\/div>\n<div class=\"one-third\">\n<p><img decoding=\"async\" loading=\"lazy\" class=\"alignnone size-full wp-image-567\" src=\"http:\/\/www.wertholz.at\/de\/wp-content\/uploads\/sites\/4\/2015\/07\/Portait_Martin.jpg\" alt=\"portait_martin\" width=\"600\" height=\"400\" srcset=\"http:\/\/www.wertholz.at\/de\/wp-content\/uploads\/sites\/4\/2015\/07\/Portait_Martin.jpg 600w, http:\/\/www.wertholz.at\/de\/wp-content\/uploads\/sites\/4\/2015\/07\/Portait_Martin-300x200.jpg 300w\" sizes=\"(max-width: 600px) 100vw, 600px\" \/><\/p>\n<h4>Martin Gillesberger<\/h4>\n<p>Tel: +43 7612 76877 12<\/p>\n<p>&#8211; Lagerleitung<br \/>\n&#8211; Kontrolle<br \/>\n&#8211; Kommissionierung<br \/>\n&#8211; Kundenbetreuung<\/p>\n<\/div>\n<div class=\"one-third\">\n<p><img decoding=\"async\" loading=\"lazy\" class=\"alignnone size-full wp-image-568\" src=\"http:\/\/www.wertholz.at\/de\/wp-content\/uploads\/sites\/4\/2015\/07\/Portrait_herbert.jpg\" alt=\"portrait_herbert\" width=\"600\" height=\"400\" srcset=\"http:\/\/www.wertholz.at\/de\/wp-content\/uploads\/sites\/4\/2015\/07\/Portrait_herbert.jpg 600w, http:\/\/www.wertholz.at\/de\/wp-content\/uploads\/sites\/4\/2015\/07\/Portrait_herbert-300x200.jpg 300w\" sizes=\"(max-width: 600px) 100vw, 600px\" \/><\/p>\n<h4>Herbert Hessenberger<\/h4>\n<p>Tel: +43 7612 76877 16<\/p>\n<p>&#8211; Lagerung<br \/>\n&#8211; Kontrolle<br \/>\n&#8211; Kommissionierung<br \/>\n&#8211; Kundenbetreuung<\/p>\n<\/div>\n<div class=\"one-third last\">\n<p><img decoding=\"async\" loading=\"lazy\" class=\"alignnone size-full wp-image-569\" src=\"http:\/\/www.wertholz.at\/de\/wp-content\/uploads\/sites\/4\/2015\/07\/Portrait_Felix.jpg\" alt=\"portrait_felix\" width=\"600\" height=\"400\" srcset=\"http:\/\/www.wertholz.at\/de\/wp-content\/uploads\/sites\/4\/2015\/07\/Portrait_Felix.jpg 600w, http:\/\/www.wertholz.at\/de\/wp-content\/uploads\/sites\/4\/2015\/07\/Portrait_Felix-300x200.jpg 300w\" sizes=\"(max-width: 600px) 100vw, 600px\" \/><\/p>\n<h4>Felix Fenninger<\/h4>\n<p>Tel: +43 7612 76877 16<\/p>\n<p>&#8211; Lagerung<br \/>\n&#8211; Kontrolle<br \/>\n&#8211; Kommissionierung<br \/>\n&#8211; Kundenbetreuung<\/p>\n<\/div><div class=\"clear\"><\/div>\n","protected":false},"excerpt":{"rendered":"<p>1996 gr\u00fcndete Michael Grander Wertholz. Seitdem beliefern wir Holzverarbeiter mit Schnittholz, Furnieren, Friesen, Landhausdielen und Zuschnitten &#8211; und das europaweit. So w\u00e4chst Wertholz kontinuierlich von Jahr zu Jahr. Langsam aber sicher, wie die Jahresringe in den St\u00e4mmen der B\u00e4ume. Die&hellip;<\/p>\n","protected":false},"author":1,"featured_media":0,"parent":0,"menu_order":0,"comment_status":"closed","ping_status":"closed","template":"","meta":[],"_links":{"self":[{"href":"http:\/\/www.wertholz.at\/de\/wp-json\/wp\/v2\/pages\/532"}],"collection":[{"href":"http:\/\/www.wertholz.at\/de\/wp-json\/wp\/v2\/pages"}],"about":[{"href":"http:\/\/www.wertholz.at\/de\/wp-json\/wp\/v2\/types\/page"}],"author":[{"embeddable":true,"href":"http:\/\/www.wertholz.at\/de\/wp-json\/wp\/v2\/users\/1"}],"replies":[{"embeddable":true,"href":"http:\/\/www.wertholz.at\/de\/wp-json\/wp\/v2\/comments?post=532"}],"version-history":[{"count":12,"href":"http:\/\/www.wertholz.at\/de\/wp-json\/wp\/v2\/pages\/532\/revisions"}],"predecessor-version":[{"id":621,"href":"http:\/\/www.wertholz.at\/de\/wp-json\/wp\/v2\/pages\/532\/revisions\/621"}],"wp:attachment":[{"href":"http:\/\/www.wertholz.at\/de\/wp-json\/wp\/v2\/media?parent=532"}],"curies":[{"name":"wp","href":"https:\/\/api.w.org\/{rel}","templated":true}]}}